{"id":3088,"date":"2022-06-29T11:28:47","date_gmt":"2022-06-29T11:28:47","guid":{"rendered":"https:\/\/bioatlantica.com\/politica-de-cookies\/"},"modified":"2022-08-03T20:29:31","modified_gmt":"2022-08-03T20:29:31","slug":"politique-de-cookies","status":"publish","type":"page","link":"https:\/\/bioatlantica.com\/fr\/politique-de-cookies\/","title":{"rendered":"Politique de cookies"},"content":{"rendered":"<header class=\"breadcrumber\">\n<h1>Politique de cookies<\/h1>\n<p>&nbsp;<\/p>\n<p>Conform\u00e9ment aux dispositions de la loi 34\/2002 sur les services de la soci\u00e9t\u00e9 de l&rsquo;information et du commerce \u00e9lectronique (LSSICE), du r\u00e8glement (UE) 2016\/679 relatif \u00e0 la protection des personnes physiques \u00e0 l&rsquo;\u00e9gard du traitement des donn\u00e9es \u00e0 caract\u00e8re personnel et \u00e0 la libre circulation de ces donn\u00e9es (RGPD), de la loi organique 3\/2018 sur la protection des donn\u00e9es \u00e0 caract\u00e8re personnel et la garantie des droits num\u00e9riques (LOPDGDD), ainsi que de la r\u00e9glementation applicable au Honduras, les aspects juridiques suivants sont expos\u00e9s:<\/p>\n<p>&nbsp;<\/p>\n<h2>PROPRI\u00c9T\u00c9 DU SITE WEB<\/h2>\n<p><strong>Propri\u00e9taire du site web:<\/strong> BIOATL\u00c1NTICA, S.DE R.L. (en adelante, BIOATL\u00c1NTICA) \u2013 RTN 050190070095973<\/p>\n<p><strong>D\u00e9tails de l&rsquo;inscription:<\/strong> Registro de Comerciantes Sociales de San Pedro Sula (Honduras), n\u00famero 70, tomo 517,\u00a0 matr\u00edcula 25221<\/p>\n<p><strong>Adresse:<\/strong> Boulevard de la Toyota, carretera al Polvor\u00edn, 33 Calle Entrada Principal a Colonia Perfecto V\u00e1squez, San Pedro Sula, Honduras.<\/p>\n<p><strong>Contact:<\/strong> Tel. (504) 56015 29 &#8211; email: <a href=\"mailto:info@bioatlantica.com\">info@bioatlantica.com<\/a><\/p>\n<p><strong>\u00a0<\/strong><\/p>\n<h2>INFORMATIONS ET TERMINOLOGIES<\/h2>\n<p>Les cookies sont des fichiers que les sites web, les boutiques en ligne, les intranets, les plates-formes en ligne ou similaires, stockent dans le navigateur de l&rsquo;utilisateur qui les visite et sont n\u00e9cessaires ou pratiques pour fournir \u00e0 la navigation web d&rsquo;innombrables avantages dans la prestation de services interactifs.<\/p>\n<p>&nbsp;<\/p>\n<p>En fonction de leur dur\u00e9e, les cookies sont class\u00e9s comme suit:<\/p>\n<p>&nbsp;<\/p>\n<p><strong>Cookies de session<\/strong><\/p>\n<p>Il s&rsquo;agit de cookies temporaires qui restent dans l&rsquo;espace r\u00e9serv\u00e9 aux cookies de l&rsquo;ordinateur de l&rsquo;utilisateur jusqu&rsquo;\u00e0 la fermeture du navigateur, de sorte qu&rsquo;aucun d&rsquo;entre eux ne reste enregistr\u00e9 sur le disque dur de l&rsquo;utilisateur. Les informations obtenues gr\u00e2ce \u00e0 ces cookies sont utilis\u00e9es pour permettre une gestion op\u00e9rationnelle avec chacun des utilisateurs qui acc\u00e8dent simultan\u00e9ment au site web.<\/p>\n<p>&nbsp;<\/p>\n<p><strong>Cookies persistants<\/strong><\/p>\n<p>Il s&rsquo;agit de cookies qui restent stock\u00e9s dans l&rsquo;espace r\u00e9serv\u00e9 aux cookies de l&rsquo;ordinateur de l&rsquo;utilisateur apr\u00e8s la fermeture du navigateur et qui consulteront le site web la prochaine fois que l&rsquo;utilisateur y acc\u00e8dera afin de m\u00e9moriser des informations facilitant la navigation (acc\u00e8s direct au service sans avoir \u00e0 se connecter) ou la prestation d&rsquo;un service commercial (offre de produits ou de services li\u00e9s aux visites pr\u00e9c\u00e9dentes).<\/p>\n<p>&nbsp;<\/p>\n<p>En fonction de la personne qui les cr\u00e9e, les cookies sont class\u00e9s comme suit:<\/p>\n<p>&nbsp;<\/p>\n<p><strong>Cookies propri\u00e9taires<\/strong><\/p>\n<p>Il s&rsquo;agit de cookies g\u00e9n\u00e9r\u00e9s par le site web que vous visitez.<\/p>\n<p>&nbsp;<\/p>\n<p><strong>Cookies tiers<\/strong><\/p>\n<p>Il s&rsquo;agit de cookies qui sont re\u00e7us lors de la navigation sur le site web, mais qui ont \u00e9t\u00e9 g\u00e9n\u00e9r\u00e9s par un service tiers h\u00e9berg\u00e9 sur le site web. Il peut s&rsquo;agir par exemple d&rsquo;un cookie utilis\u00e9 par une publicit\u00e9 ou une banni\u00e8re publicitaire sur le site web que vous visitez. Il peut aussi s&rsquo;agir du cookie utilis\u00e9 par un compteur de visiteurs mis en place par le site web que nous visitons.<\/p>\n<p>&nbsp;<\/p>\n<h2>D\u00c9TAILS DES COOKIES UTILIS\u00c9S<\/h2>\n<p>Le site web du BIOATL\u00c1NTICA utilise les cookies suivants:<\/p>\n<p>&nbsp;<\/p>\n<p><strong>N\u00e9cessaires<\/strong><\/p>\n<p>Les cookies n\u00e9cessaires sont absolument indispensables au bon fonctionnement du site web. Cette cat\u00e9gorie comprend uniquement les cookies qui assurent les fonctionnalit\u00e9s de base et les fonctions de s\u00e9curit\u00e9 du site web. Ces cookies ne stockent pas d&rsquo;informations personnelles.<\/p>\n<table class=\"cookielawinfo-row-cat-table cookielawinfo-winter\"><thead><tr><th class=\"cookielawinfo-column-1\">Cookie<\/th><th class=\"cookielawinfo-column-3\">Dur\u00e9e<\/th><th class=\"cookielawinfo-column-4\">Description<\/th><\/tr><\/thead><tbody><tr class=\"cookielawinfo-row\"><td class=\"cookielawinfo-column-1\">cookielawinfo-checkbox-advertisement<\/td><td class=\"cookielawinfo-column-3\">1 an<\/td><td class=\"cookielawinfo-column-4\"><span style=\"font-weight: 400\">\u00c9tabli par le module compl\u00e9mentaire de consentement aux cookies du RGPD, ce cookie est utilis\u00e9 pour enregistrer le consentement de l\u2019utilisateur aux cookies de la cat\u00e9gorie \u00ab\u00a0Publicit\u00e9\u00a0\u00bb.<\/span><\/td><\/tr><tr class=\"cookielawinfo-row\"><td class=\"cookielawinfo-column-1\">cookielawinfo-checkbox-analytics<\/td><td class=\"cookielawinfo-column-3\">1 an<\/td><td class=\"cookielawinfo-column-4\"><span style=\"font-weight: 400\">\u00c9tabli par le module compl\u00e9mentaire de consentement aux cookies du RGPD, ce cookie est utilis\u00e9 pour enregistrer le consentement de l\u2019utilisateur aux cookies de la cat\u00e9gorie \u00ab\u00a0Analyse\u00a0\u00bb.<\/span><\/td><\/tr><tr class=\"cookielawinfo-row\"><td class=\"cookielawinfo-column-1\">cookielawinfo-checkbox-functional<\/td><td class=\"cookielawinfo-column-3\">1 an<\/td><td class=\"cookielawinfo-column-4\"><span style=\"font-weight: 400\">Le cookie est configur\u00e9 par le module compl\u00e9mentaire de consentement aux cookies du RGPD pour enregistrer le consentement de l\u2019utilisateur aux cookies de la cat\u00e9gorie \u00ab\u00a0Fonctionnel\u00a0\u00bb.<\/span><\/td><\/tr><tr class=\"cookielawinfo-row\"><td class=\"cookielawinfo-column-1\">cookielawinfo-checkbox-necessary<\/td><td class=\"cookielawinfo-column-3\">1 an<\/td><td class=\"cookielawinfo-column-4\"><span style=\"font-weight: 400\">\u00c9tabli par le module compl\u00e9mentaire de consentement aux cookies du RGPD, ce cookie est utilis\u00e9 pour enregistrer le consentement de l\u2019utilisateur aux cookies de la cat\u00e9gorie \u00ab\u00a0N\u00e9cessaire\u00a0\u00bb.<\/span><\/td><\/tr><tr class=\"cookielawinfo-row\"><td class=\"cookielawinfo-column-1\">cookielawinfo-checkbox-others<\/td><td class=\"cookielawinfo-column-3\">1 an<\/td><td class=\"cookielawinfo-column-4\"><span style=\"font-weight: 400\">\u00c9tabli par le module compl\u00e9mentaire de consentement aux cookies du RGPD, ce cookie est utilis\u00e9 pour stocker le consentement de l\u2019utilisateur aux cookies de la cat\u00e9gorie \u00ab\u00a0Autres\u00a0\u00bb.<\/span><\/td><\/tr><tr class=\"cookielawinfo-row\"><td class=\"cookielawinfo-column-1\">cookielawinfo-checkbox-performance<\/td><td class=\"cookielawinfo-column-3\">1 an<\/td><td class=\"cookielawinfo-column-4\"><span style=\"font-weight: 400\">\u00c9tabli par le module compl\u00e9mentaire de consentement aux cookies du RGPD, ce cookie est utilis\u00e9 pour stocker le consentement de l\u2019utilisateur aux cookies de la cat\u00e9gorie \u00ab\u00a0Performance\u00a0\u00bb.<\/span><\/td><\/tr><tr class=\"cookielawinfo-row\"><td class=\"cookielawinfo-column-1\">CookieLawInfoConsent<\/td><td class=\"cookielawinfo-column-3\">1 an<\/td><td class=\"cookielawinfo-column-4\"><span style=\"font-weight: 400\">Il enregistre l\u2019\u00e9tat du bouton par d\u00e9faut de la cat\u00e9gorie correspondante et l\u2019\u00e9tat du CCPA. Il fonctionne seul en coordination avec le cookie principal.<\/span><\/td><\/tr><\/tbody><\/table>\n<p>&nbsp;<\/p>\n<p><strong>Personnalis\u00e9s<\/strong><\/p>\n<p>Ils permettent \u00e0 chaque utilisateur de configurer des aspects tels que la langue dans laquelle il souhaite visualiser la page web, les formats d&rsquo;affichage, etc.<\/p>\n<table class=\"cookielawinfo-row-cat-table cookielawinfo-winter\"><thead><tr><th class=\"cookielawinfo-column-1\">Cookie<\/th><th class=\"cookielawinfo-column-3\">Dur\u00e9e<\/th><th class=\"cookielawinfo-column-4\">Description<\/th><\/tr><\/thead><tbody><tr class=\"cookielawinfo-row\"><td class=\"cookielawinfo-column-1\">wp-wpml_current_language<\/td><td class=\"cookielawinfo-column-3\">session<\/td><td class=\"cookielawinfo-column-4\"><span style=\"font-weight: 400\">Aucune description disponible.<\/span><\/td><\/tr><\/tbody><\/table>\n<p>&nbsp;<\/p>\n<p><strong>Analytiques<\/strong><\/p>\n<p>Les cookies analytiques sont utilis\u00e9s pour comprendre comment les visiteurs interagissent avec le site web. Ces cookies permettent de fournir des informations sur les m\u00e9triques, le nombre de visiteurs, le taux de rebond, la source du trafic, etc.<\/p>\n<table class=\"cookielawinfo-row-cat-table cookielawinfo-winter\"><thead><tr><th class=\"cookielawinfo-column-1\">Cookie<\/th><th class=\"cookielawinfo-column-3\">Dur\u00e9e<\/th><th class=\"cookielawinfo-column-4\">Description<\/th><\/tr><\/thead><tbody><tr class=\"cookielawinfo-row\"><td class=\"cookielawinfo-column-1\">_ga_devsite<\/td><td class=\"cookielawinfo-column-3\">2 ans<\/td><td class=\"cookielawinfo-column-4\"><span style=\"font-weight: 400\">Aucune description disponible.<\/span><\/td><\/tr><\/tbody><\/table>\n<p><strong>\u00a0<\/strong><\/p>\n<h2>SERVICES TIERS<\/h2>\n<p>De plus, BIOATL\u00c1NTICA est pr\u00e9sent sur des portails et services tiers pour lesquels, si vous souhaitez conna\u00eetre les conditions de confidentialit\u00e9 et d&rsquo;utilisation des cookies, vous devez<\/p>\n<p>&nbsp;<\/p>\n<p>consulter les politiques fournies par ces tiers:<\/p>\n<p>&nbsp;<\/p>\n<p><strong>Facebook\u00a0: <\/strong><a href=\"https:\/\/es-es.facebook.com\/help\/cookies\">https:\/\/es-es.facebook.com\/help\/cookies<\/a><\/p>\n<p>&nbsp;<\/p>\n<p><strong>Twitter\u00a0:<\/strong> <a href=\"https:\/\/twitter.com\/privacy\">https:\/\/twitter.com\/privacy<\/a><\/p>\n<p>&nbsp;<\/p>\n<p><strong>YouTube\u00a0: <\/strong><a href=\"https:\/\/www.google.es\/intl\/es\/policies\/technologies\/cookies\/\">https:\/\/www.google.es\/intl\/es\/policies\/technologies\/cookies\/<\/a><\/p>\n<p>&nbsp;<\/p>\n<p><strong>LinkedIn\u00a0: <\/strong><a href=\"http:\/\/www.linkedin.com\/legal\/privacy-policy\">http:\/\/www.linkedin.com\/legal\/privacy-policy<\/a><\/p>\n<p>&nbsp;<\/p>\n<p><strong>Google+\u00a0: <\/strong><a href=\"https:\/\/www.google.es\/intl\/es\/policies\/technologies\/cookies\/\">https:\/\/www.google.es\/intl\/es\/policies\/technologies\/cookies\/<\/a><\/p>\n<p>&nbsp;<\/p>\n<p><strong>Instagram\u00a0: <\/strong><a href=\"https:\/\/www.facebook.com\/policies\/cookies\/\">https:\/\/www.facebook.com\/policies\/cookies\/<\/a><\/p>\n<p>&nbsp;<\/p>\n<p><strong>\u00a0<\/strong><\/p>\n<h2>ACCEPTATION DE LA POLITIQUE DE COOKIES<\/h2>\n<p>BIOATL\u00c1NTICA affiche des informations sur sa politique de cookies en bas du site web, au d\u00e9but de chaque session, afin que les utilisateurs en prennent connaissance.<\/p>\n<p>&nbsp;<\/p>\n<p>En r\u00e9ponse \u00e0 ces informations, les mesures suivantes peuvent \u00eatre prises:<\/p>\n<p>&nbsp;<\/p>\n<ul>\n<li><strong>Accepter tous les cookies\u00a0:<\/strong> Vous ne verrez plus ce message lorsque vous acc\u00e9derez \u00e0 n&rsquo;importe quelle page du portail au cours de cette session.<\/li>\n<li><strong>Configurer\u00a0: <\/strong>Vous pouvez obtenir plus d&rsquo;informations sur les cookies utilis\u00e9s et configurer leur utilisation en fonction de vos pr\u00e9f\u00e9rences, en acceptant ou en rejetant tout ou partie d&rsquo;entre eux. En cas de restriction ou de blocage de certains des cookies utilis\u00e9s, les fonctionnalit\u00e9s du site web peuvent \u00eatre r\u00e9duites. Vous pouvez \u00e9galement consulter la politique de cookies du BIOATL\u00c1NTICA.<\/li>\n<\/ul>\n<p><strong>\u00a0<\/strong><\/p>\n<p><strong>\u00a0<\/strong><\/p>\n<h2>COMMENT PARAM\u00c9TRER VOS COOKIES VIA VOTRE NAVIGATEUR OU D&rsquo;AUTRES SERVICES WEB<\/h2>\n<p>L&rsquo;utilisateur peut limiter, bloquer ou supprimer les cookies du BIOATL\u00c1NTICA ou de tout autre site web en utilisant son navigateur. Le fonctionnement est diff\u00e9rent dans chaque navigateur, la fonction \u00ab Aide \u00bb de ce navigateur vous montrera comment proc\u00e9der:<\/p>\n<p><strong>\u00a0<\/strong><\/p>\n<p><strong>Internet Explorer\u00a0: <\/strong><u>https:\/\/support.microsoft.com\/es-es\/help\/17442\/windows-internet-explorer-delete- manage-cookies#ie=<\/u><\/p>\n<p>&nbsp;<\/p>\n<p><strong>Firefox\u00a0: <\/strong><a href=\"https:\/\/support.mozilla.org\/es\/kb\/Borrar%252ocookies\">https:\/\/support.mozilla.org\/es\/kb\/Borrar%2ocookies<\/a><\/p>\n<p>&nbsp;<\/p>\n<p><strong>Chrome\u00a0: <\/strong><u>support.google.com\/chrome\/answer\/95647?hl=\u00a0\u00bbes\u00a0\u00bb<\/u><\/p>\n<p>&nbsp;<\/p>\n<p><strong>Safari\u00a0: <\/strong><a href=\"http:\/\/www.apple.com\/es\/privacy\/use-of-cookies%20\/\">www.apple.com\/es\/privacy\/use-of-cookies \/<\/a><\/p>\n<p>&nbsp;<\/p>\n<p>Vous pouvez \u00e9galement g\u00e9rer le stockage des cookies dans votre navigateur gr\u00e2ce aux services suivants:<\/p>\n<p>&nbsp;<\/p>\n<p><strong>Your online choices\u00a0<\/strong>:\/<a href=\"http:\/\/youronlinechoices.eu\/\">http:\/\/youronlinechoices.eu\/<\/a><\/p>\n<p>&nbsp;<\/p>\n<p><strong>Nai Consumer opt out\u00a0<\/strong>: <a href=\"http:\/\/www.networkadvertising.org\/choices\/\">http:\/\/www.networkadvertising.org\/choices\/<\/a><\/p>\n<p>&nbsp;<\/p>\n<p><strong>Your Ad choices\u00a0<\/strong>: <a href=\"http:\/\/www.aboutads.info\/choices\/\">http:\/\/www.aboutads.info\/choices\/<\/a><\/p>\n<\/header>\n","protected":false},"excerpt":{"rendered":"<p>Politique de cookies &nbsp; Conform\u00e9ment aux dispositions de la loi 34\/2002 sur les services de la soci\u00e9t\u00e9 de l&rsquo;information et du commerce \u00e9lectronique (LSSICE), du r\u00e8glement (UE) 2016\/679 relatif \u00e0 la protection des personnes physiques \u00e0 l&rsquo;\u00e9gard du traitement des donn\u00e9es \u00e0 caract\u00e8re personnel et \u00e0 la libre circulation de ces donn\u00e9es (RGPD), de la [&hellip;]<\/p>\n","protected":false},"author":1,"featured_media":0,"parent":0,"menu_order":0,"comment_status":"closed","ping_status":"closed","template":"politica_privacidad.php","meta":{"_acf_changed":false,"inline_featured_image":false,"footnotes":""},"class_list":["post-3088","page","type-page","status-publish","hentry"],"acf":[],"yoast_head":"<!-- This site is optimized with the Yoast SEO plugin v25.0 - https:\/\/yoast.com\/wordpress\/plugins\/seo\/ -->\n<title>Politique de cookies - Bio Atl\u00e1ntica<\/title>\n<meta name=\"robots\" content=\"index, follow, max-snippet:-1, max-image-preview:large, max-video-preview:-1\" \/>\n<link rel=\"canonical\" href=\"https:\/\/bioatlantica.com\/fr\/politique-de-cookies\/\" \/>\n<meta property=\"og:locale\" content=\"fr_FR\" \/>\n<meta property=\"og:type\" content=\"article\" \/>\n<meta property=\"og:title\" content=\"Politique de cookies - Bio Atl\u00e1ntica\" \/>\n<meta property=\"og:description\" content=\"Politique de cookies &nbsp; Conform\u00e9ment aux dispositions de la loi 34\/2002 sur les services de la soci\u00e9t\u00e9 de l&rsquo;information et du commerce \u00e9lectronique (LSSICE), du r\u00e8glement (UE) 2016\/679 relatif \u00e0 la protection des personnes physiques \u00e0 l&rsquo;\u00e9gard du traitement des donn\u00e9es \u00e0 caract\u00e8re personnel et \u00e0 la libre circulation de ces donn\u00e9es (RGPD), de la [&hellip;]\" \/>\n<meta property=\"og:url\" content=\"https:\/\/bioatlantica.com\/fr\/politique-de-cookies\/\" \/>\n<meta property=\"og:site_name\" content=\"Bio Atl\u00e1ntica\" \/>\n<meta property=\"article:modified_time\" content=\"2022-08-03T20:29:31+00:00\" \/>\n<meta name=\"twitter:card\" content=\"summary_large_image\" \/>\n<meta name=\"twitter:label1\" content=\"Dur\u00e9e de lecture estim\u00e9e\" \/>\n\t<meta name=\"twitter:data1\" content=\"4 minutes\" \/>\n<script type=\"application\/ld+json\" class=\"yoast-schema-graph\">{\"@context\":\"https:\/\/schema.org\",\"@graph\":[{\"@type\":\"WebPage\",\"@id\":\"https:\/\/bioatlantica.com\/fr\/politique-de-cookies\/\",\"url\":\"https:\/\/bioatlantica.com\/fr\/politique-de-cookies\/\",\"name\":\"Politique de cookies - Bio Atl\u00e1ntica\",\"isPartOf\":{\"@id\":\"https:\/\/bioatlantica.com\/#website\"},\"datePublished\":\"2022-06-29T11:28:47+00:00\",\"dateModified\":\"2022-08-03T20:29:31+00:00\",\"breadcrumb\":{\"@id\":\"https:\/\/bioatlantica.com\/fr\/politique-de-cookies\/#breadcrumb\"},\"inLanguage\":\"fr-FR\",\"potentialAction\":[{\"@type\":\"ReadAction\",\"target\":[\"https:\/\/bioatlantica.com\/fr\/politique-de-cookies\/\"]}]},{\"@type\":\"BreadcrumbList\",\"@id\":\"https:\/\/bioatlantica.com\/fr\/politique-de-cookies\/#breadcrumb\",\"itemListElement\":[{\"@type\":\"ListItem\",\"position\":1,\"name\":\"Portada\",\"item\":\"https:\/\/bioatlantica.com\/fr\/\"},{\"@type\":\"ListItem\",\"position\":2,\"name\":\"Politique de cookies\"}]},{\"@type\":\"WebSite\",\"@id\":\"https:\/\/bioatlantica.com\/#website\",\"url\":\"https:\/\/bioatlantica.com\/\",\"name\":\"Bio Atl\u00e1ntica\",\"description\":\"\",\"potentialAction\":[{\"@type\":\"SearchAction\",\"target\":{\"@type\":\"EntryPoint\",\"urlTemplate\":\"https:\/\/bioatlantica.com\/?s={search_term_string}\"},\"query-input\":{\"@type\":\"PropertyValueSpecification\",\"valueRequired\":true,\"valueName\":\"search_term_string\"}}],\"inLanguage\":\"fr-FR\"}]}<\/script>\n<!-- \/ Yoast SEO plugin. -->","yoast_head_json":{"title":"Politique de cookies - Bio Atl\u00e1ntica","robots":{"index":"index","follow":"follow","max-snippet":"max-snippet:-1","max-image-preview":"max-image-preview:large","max-video-preview":"max-video-preview:-1"},"canonical":"https:\/\/bioatlantica.com\/fr\/politique-de-cookies\/","og_locale":"fr_FR","og_type":"article","og_title":"Politique de cookies - Bio Atl\u00e1ntica","og_description":"Politique de cookies &nbsp; Conform\u00e9ment aux dispositions de la loi 34\/2002 sur les services de la soci\u00e9t\u00e9 de l&rsquo;information et du commerce \u00e9lectronique (LSSICE), du r\u00e8glement (UE) 2016\/679 relatif \u00e0 la protection des personnes physiques \u00e0 l&rsquo;\u00e9gard du traitement des donn\u00e9es \u00e0 caract\u00e8re personnel et \u00e0 la libre circulation de ces donn\u00e9es (RGPD), de la [&hellip;]","og_url":"https:\/\/bioatlantica.com\/fr\/politique-de-cookies\/","og_site_name":"Bio Atl\u00e1ntica","article_modified_time":"2022-08-03T20:29:31+00:00","twitter_card":"summary_large_image","twitter_misc":{"Dur\u00e9e de lecture estim\u00e9e":"4 minutes"},"schema":{"@context":"https:\/\/schema.org","@graph":[{"@type":"WebPage","@id":"https:\/\/bioatlantica.com\/fr\/politique-de-cookies\/","url":"https:\/\/bioatlantica.com\/fr\/politique-de-cookies\/","name":"Politique de cookies - Bio Atl\u00e1ntica","isPartOf":{"@id":"https:\/\/bioatlantica.com\/#website"},"datePublished":"2022-06-29T11:28:47+00:00","dateModified":"2022-08-03T20:29:31+00:00","breadcrumb":{"@id":"https:\/\/bioatlantica.com\/fr\/politique-de-cookies\/#breadcrumb"},"inLanguage":"fr-FR","potentialAction":[{"@type":"ReadAction","target":["https:\/\/bioatlantica.com\/fr\/politique-de-cookies\/"]}]},{"@type":"BreadcrumbList","@id":"https:\/\/bioatlantica.com\/fr\/politique-de-cookies\/#breadcrumb","itemListElement":[{"@type":"ListItem","position":1,"name":"Portada","item":"https:\/\/bioatlantica.com\/fr\/"},{"@type":"ListItem","position":2,"name":"Politique de cookies"}]},{"@type":"WebSite","@id":"https:\/\/bioatlantica.com\/#website","url":"https:\/\/bioatlantica.com\/","name":"Bio Atl\u00e1ntica","description":"","potentialAction":[{"@type":"SearchAction","target":{"@type":"EntryPoint","urlTemplate":"https:\/\/bioatlantica.com\/?s={search_term_string}"},"query-input":{"@type":"PropertyValueSpecification","valueRequired":true,"valueName":"search_term_string"}}],"inLanguage":"fr-FR"}]}},"_links":{"self":[{"href":"https:\/\/bioatlantica.com\/fr\/wp-json\/wp\/v2\/pages\/3088","targetHints":{"allow":["GET"]}}],"collection":[{"href":"https:\/\/bioatlantica.com\/fr\/wp-json\/wp\/v2\/pages"}],"about":[{"href":"https:\/\/bioatlantica.com\/fr\/wp-json\/wp\/v2\/types\/page"}],"author":[{"embeddable":true,"href":"https:\/\/bioatlantica.com\/fr\/wp-json\/wp\/v2\/users\/1"}],"replies":[{"embeddable":true,"href":"https:\/\/bioatlantica.com\/fr\/wp-json\/wp\/v2\/comments?post=3088"}],"version-history":[{"count":6,"href":"https:\/\/bioatlantica.com\/fr\/wp-json\/wp\/v2\/pages\/3088\/revisions"}],"predecessor-version":[{"id":3145,"href":"https:\/\/bioatlantica.com\/fr\/wp-json\/wp\/v2\/pages\/3088\/revisions\/3145"}],"wp:attachment":[{"href":"https:\/\/bioatlantica.com\/fr\/wp-json\/wp\/v2\/media?parent=3088"}],"curies":[{"name":"wp","href":"https:\/\/api.w.org\/{rel}","templated":true}]}}